{"id":18314,"date":"2026-02-04T14:46:21","date_gmt":"2026-02-04T12:46:21","guid":{"rendered":"https:\/\/tarjousklubi.fi\/nestepattijoki\/tuote\/paku-shinex\/"},"modified":"2026-02-04T14:46:21","modified_gmt":"2026-02-04T12:46:21","slug":"paku-shinex","status":"publish","type":"product","link":"https:\/\/tarjousklubi.fi\/nestepattijoki\/fi\/tuote\/paku-shinex\/","title":{"rendered":"Paku Shinex"},"content":{"rendered":"<p>Yli 2,3m korkeille pakettiautoille. Lis\u00e4n\u00e4 kausiesipesuaine (kes\u00e4ll\u00e4 hy\u00f6nteisirroite ja talvella asfalttipien irroitusaine).<\/p>\n","protected":false},"excerpt":{"rendered":"<p>Kausiesipesuaineaine-esipesuaine-korkeapainehuuhtelu-harjapesu-Shinex vaha-kiillotusharjaus-huuhtelu<\/p>\n","protected":false},"featured_media":16235,"comment_status":"open","ping_status":"closed","template":"","meta":{"_et_pb_use_builder":"","_et_pb_old_content":"","_et_gb_content_width":""},"product_brand":[],"product_cat":[99],"product_tag":[],"class_list":{"0":"post-18314","1":"product","2":"type-product","3":"status-publish","4":"has-post-thumbnail","6":"product_cat-npattijoki_fi","8":"first","9":"instock","10":"virtual","11":"taxable","12":"purchasable","13":"product-type-simple"},"pll_sync_post":[],"lang":"fi","translations":{"fi":18314},"_links":{"self":[{"href":"https:\/\/tarjousklubi.fi\/nestepattijoki\/wp-json\/wp\/v2\/product\/18314","targetHints":{"allow":["GET"]}}],"collection":[{"href":"https:\/\/tarjousklubi.fi\/nestepattijoki\/wp-json\/wp\/v2\/product"}],"about":[{"href":"https:\/\/tarjousklubi.fi\/nestepattijoki\/wp-json\/wp\/v2\/types\/product"}],"replies":[{"embeddable":true,"href":"https:\/\/tarjousklubi.fi\/nestepattijoki\/wp-json\/wp\/v2\/comments?post=18314"}],"wp:featuredmedia":[{"embeddable":true,"href":"https:\/\/tarjousklubi.fi\/nestepattijoki\/wp-json\/wp\/v2\/media\/16235"}],"wp:attachment":[{"href":"https:\/\/tarjousklubi.fi\/nestepattijoki\/wp-json\/wp\/v2\/media?parent=18314"}],"wp:term":[{"taxonomy":"product_brand","embeddable":true,"href":"https:\/\/tarjousklubi.fi\/nestepattijoki\/wp-json\/wp\/v2\/product_brand?post=18314"},{"taxonomy":"product_cat","embeddable":true,"href":"https:\/\/tarjousklubi.fi\/nestepattijoki\/wp-json\/wp\/v2\/product_cat?post=18314"},{"taxonomy":"product_tag","embeddable":true,"href":"https:\/\/tarjousklubi.fi\/nestepattijoki\/wp-json\/wp\/v2\/product_tag?post=18314"}],"curies":[{"name":"wp","href":"https:\/\/api.w.org\/{rel}","templated":true}]}}