{"id":18313,"date":"2026-02-04T14:46:20","date_gmt":"2026-02-04T12:46:20","guid":{"rendered":"https:\/\/tarjousklubi.fi\/nestepattijoki\/tuote\/boksipesu\/"},"modified":"2026-02-04T14:46:20","modified_gmt":"2026-02-04T12:46:20","slug":"boksipesu","status":"publish","type":"product","link":"https:\/\/tarjousklubi.fi\/nestepattijoki\/fi\/tuote\/boksipesu\/","title":{"rendered":"Boksipesu"},"content":{"rendered":"<p>Suksiboxilliselle autolle asiallinen pesu. Lis\u00e4n\u00e4 kausiesipesuaine (kes\u00e4ll\u00e4 hy\u00f6nteisirroite ja talvella asfalttipien irroitusaine).<\/p>\n","protected":false},"excerpt":{"rendered":"<p>Kausiesipesuaine-esipesuaine-korkeapainehuuhtelu-harjapesu-vahaus<\/p>\n","protected":false},"featured_media":16236,"comment_status":"open","ping_status":"closed","template":"","meta":{"_et_pb_use_builder":"","_et_pb_old_content":"","_et_gb_content_width":""},"product_brand":[],"product_cat":[99],"product_tag":[],"class_list":{"0":"post-18313","1":"product","2":"type-product","3":"status-publish","4":"has-post-thumbnail","6":"product_cat-npattijoki_fi","8":"first","9":"instock","10":"virtual","11":"taxable","12":"purchasable","13":"product-type-simple"},"pll_sync_post":[],"lang":"fi","translations":{"fi":18313},"_links":{"self":[{"href":"https:\/\/tarjousklubi.fi\/nestepattijoki\/wp-json\/wp\/v2\/product\/18313","targetHints":{"allow":["GET"]}}],"collection":[{"href":"https:\/\/tarjousklubi.fi\/nestepattijoki\/wp-json\/wp\/v2\/product"}],"about":[{"href":"https:\/\/tarjousklubi.fi\/nestepattijoki\/wp-json\/wp\/v2\/types\/product"}],"replies":[{"embeddable":true,"href":"https:\/\/tarjousklubi.fi\/nestepattijoki\/wp-json\/wp\/v2\/comments?post=18313"}],"wp:featuredmedia":[{"embeddable":true,"href":"https:\/\/tarjousklubi.fi\/nestepattijoki\/wp-json\/wp\/v2\/media\/16236"}],"wp:attachment":[{"href":"https:\/\/tarjousklubi.fi\/nestepattijoki\/wp-json\/wp\/v2\/media?parent=18313"}],"wp:term":[{"taxonomy":"product_brand","embeddable":true,"href":"https:\/\/tarjousklubi.fi\/nestepattijoki\/wp-json\/wp\/v2\/product_brand?post=18313"},{"taxonomy":"product_cat","embeddable":true,"href":"https:\/\/tarjousklubi.fi\/nestepattijoki\/wp-json\/wp\/v2\/product_cat?post=18313"},{"taxonomy":"product_tag","embeddable":true,"href":"https:\/\/tarjousklubi.fi\/nestepattijoki\/wp-json\/wp\/v2\/product_tag?post=18313"}],"curies":[{"name":"wp","href":"https:\/\/api.w.org\/{rel}","templated":true}]}}