{"id":18309,"date":"2026-02-04T14:46:18","date_gmt":"2026-02-04T12:46:18","guid":{"rendered":"https:\/\/tarjousklubi.fi\/nestepattijoki\/tuote\/winter-power-wash-wax\/"},"modified":"2026-02-04T14:46:18","modified_gmt":"2026-02-04T12:46:18","slug":"winter-power-wash-wax","status":"publish","type":"product","link":"https:\/\/tarjousklubi.fi\/nestepattijoki\/en\/tuote\/winter-power-wash-wax\/","title":{"rendered":"Winter power wash + wax"},"content":{"rendered":"<p>Lis\u00e4n\u00e4 kausiesipesuaine (kes\u00e4ll\u00e4 hy\u00f6nteisirroite ja talvella asfalttipien irroitusaine).<\/p>\n","protected":false},"excerpt":{"rendered":"<p>Kausiesipesuaine-esipesuaine-korkeapainehuuhtelu-harjapesu-vahaus<\/p>\n","protected":false},"featured_media":16230,"comment_status":"open","ping_status":"closed","template":"","meta":{"_et_pb_use_builder":"","_et_pb_old_content":"","_et_gb_content_width":""},"product_brand":[],"product_cat":[101],"product_tag":[],"class_list":{"0":"post-18309","1":"product","2":"type-product","3":"status-publish","4":"has-post-thumbnail","6":"product_cat-npattijoki_en","8":"first","9":"instock","10":"virtual","11":"taxable","12":"purchasable","13":"product-type-simple"},"lang":"en","translations":{"en":18309},"pll_sync_post":[],"_links":{"self":[{"href":"https:\/\/tarjousklubi.fi\/nestepattijoki\/wp-json\/wp\/v2\/product\/18309","targetHints":{"allow":["GET"]}}],"collection":[{"href":"https:\/\/tarjousklubi.fi\/nestepattijoki\/wp-json\/wp\/v2\/product"}],"about":[{"href":"https:\/\/tarjousklubi.fi\/nestepattijoki\/wp-json\/wp\/v2\/types\/product"}],"replies":[{"embeddable":true,"href":"https:\/\/tarjousklubi.fi\/nestepattijoki\/wp-json\/wp\/v2\/comments?post=18309"}],"wp:featuredmedia":[{"embeddable":true,"href":"https:\/\/tarjousklubi.fi\/nestepattijoki\/wp-json\/wp\/v2\/media\/16230"}],"wp:attachment":[{"href":"https:\/\/tarjousklubi.fi\/nestepattijoki\/wp-json\/wp\/v2\/media?parent=18309"}],"wp:term":[{"taxonomy":"product_brand","embeddable":true,"href":"https:\/\/tarjousklubi.fi\/nestepattijoki\/wp-json\/wp\/v2\/product_brand?post=18309"},{"taxonomy":"product_cat","embeddable":true,"href":"https:\/\/tarjousklubi.fi\/nestepattijoki\/wp-json\/wp\/v2\/product_cat?post=18309"},{"taxonomy":"product_tag","embeddable":true,"href":"https:\/\/tarjousklubi.fi\/nestepattijoki\/wp-json\/wp\/v2\/product_tag?post=18309"}],"curies":[{"name":"wp","href":"https:\/\/api.w.org\/{rel}","templated":true}]}}