{"id":18305,"date":"2026-02-04T14:46:15","date_gmt":"2026-02-04T12:46:15","guid":{"rendered":"https:\/\/tarjousklubi.fi\/nestepattijoki\/tuote\/teho-i-paketti\/"},"modified":"2026-02-04T14:46:15","modified_gmt":"2026-02-04T12:46:15","slug":"teho-i-paketti","status":"publish","type":"product","link":"https:\/\/tarjousklubi.fi\/nestepattijoki\/fi\/tuote\/teho-i-paketti\/","title":{"rendered":"Teho I &#8211; paketti"},"content":{"rendered":"<p>Tihe\u00e4mp\u00e4\u00e4n autonpesuun hyv\u00e4 Tehopesu huuhteluvahalla.<\/p>\n","protected":false},"excerpt":{"rendered":"<p>Sis\u00e4lt\u00e4\u00e4 kolme Tehopesua huuhteluvahalla.<\/p>\n","protected":false},"featured_media":16241,"comment_status":"open","ping_status":"closed","template":"","meta":{"_et_pb_use_builder":"","_et_pb_old_content":"","_et_gb_content_width":""},"product_brand":[],"product_cat":[99],"product_tag":[],"class_list":{"0":"post-18305","1":"product","2":"type-product","3":"status-publish","4":"has-post-thumbnail","6":"product_cat-npattijoki_fi","8":"first","9":"instock","10":"virtual","11":"taxable","12":"purchasable","13":"product-type-simple"},"pll_sync_post":[],"lang":"fi","translations":{"fi":18305},"_links":{"self":[{"href":"https:\/\/tarjousklubi.fi\/nestepattijoki\/wp-json\/wp\/v2\/product\/18305","targetHints":{"allow":["GET"]}}],"collection":[{"href":"https:\/\/tarjousklubi.fi\/nestepattijoki\/wp-json\/wp\/v2\/product"}],"about":[{"href":"https:\/\/tarjousklubi.fi\/nestepattijoki\/wp-json\/wp\/v2\/types\/product"}],"replies":[{"embeddable":true,"href":"https:\/\/tarjousklubi.fi\/nestepattijoki\/wp-json\/wp\/v2\/comments?post=18305"}],"wp:featuredmedia":[{"embeddable":true,"href":"https:\/\/tarjousklubi.fi\/nestepattijoki\/wp-json\/wp\/v2\/media\/16241"}],"wp:attachment":[{"href":"https:\/\/tarjousklubi.fi\/nestepattijoki\/wp-json\/wp\/v2\/media?parent=18305"}],"wp:term":[{"taxonomy":"product_brand","embeddable":true,"href":"https:\/\/tarjousklubi.fi\/nestepattijoki\/wp-json\/wp\/v2\/product_brand?post=18305"},{"taxonomy":"product_cat","embeddable":true,"href":"https:\/\/tarjousklubi.fi\/nestepattijoki\/wp-json\/wp\/v2\/product_cat?post=18305"},{"taxonomy":"product_tag","embeddable":true,"href":"https:\/\/tarjousklubi.fi\/nestepattijoki\/wp-json\/wp\/v2\/product_tag?post=18305"}],"curies":[{"name":"wp","href":"https:\/\/api.w.org\/{rel}","templated":true}]}}