{"id":18300,"date":"2026-02-04T14:46:11","date_gmt":"2026-02-04T12:46:11","guid":{"rendered":"https:\/\/tarjousklubi.fi\/nestepattijoki\/tuote\/tehopesu-kuukausipesu-max-10-pesukertaa-kk-2\/"},"modified":"2026-02-04T14:46:11","modified_gmt":"2026-02-04T12:46:11","slug":"tehopesu-kuukausipesu-max-10-pesukertaa-kk-2","status":"publish","type":"product","link":"https:\/\/tarjousklubi.fi\/nestepattijoki\/fi\/tuote\/tehopesu-kuukausipesu-max-10-pesukertaa-kk-2\/","title":{"rendered":"Tehopesu-kuukausipesu (max 10 pesukertaa\/kk)."},"content":{"rendered":"<p>Esipesuaine-korkeapainehuuhtelu-harjapesu-huuhteluvaha-kuivaus.<\/p>\n","protected":false},"excerpt":{"rendered":"<p>T\u00e4st\u00e4 asiallinen ja nopea pesu kuukausihintaan. Max 10 pesukertaa kuukaudessa. Ensimm\u00e4inen kuukausi -50% uusille asiakkaille<\/p>\n","protected":false},"featured_media":16830,"comment_status":"open","ping_status":"closed","template":"","meta":{"_et_pb_use_builder":"","_et_pb_old_content":"","_et_gb_content_width":""},"product_brand":[],"product_cat":[99],"product_tag":[],"class_list":{"0":"post-18300","1":"product","2":"type-product","3":"status-publish","4":"has-post-thumbnail","6":"product_cat-npattijoki_fi","8":"first","9":"instock","10":"sale","11":"virtual","12":"taxable","13":"purchasable","14":"product-type-simple"},"lang":"fi","translations":{"fi":18300},"pll_sync_post":[],"_links":{"self":[{"href":"https:\/\/tarjousklubi.fi\/nestepattijoki\/wp-json\/wp\/v2\/product\/18300","targetHints":{"allow":["GET"]}}],"collection":[{"href":"https:\/\/tarjousklubi.fi\/nestepattijoki\/wp-json\/wp\/v2\/product"}],"about":[{"href":"https:\/\/tarjousklubi.fi\/nestepattijoki\/wp-json\/wp\/v2\/types\/product"}],"replies":[{"embeddable":true,"href":"https:\/\/tarjousklubi.fi\/nestepattijoki\/wp-json\/wp\/v2\/comments?post=18300"}],"wp:featuredmedia":[{"embeddable":true,"href":"https:\/\/tarjousklubi.fi\/nestepattijoki\/wp-json\/wp\/v2\/media\/16830"}],"wp:attachment":[{"href":"https:\/\/tarjousklubi.fi\/nestepattijoki\/wp-json\/wp\/v2\/media?parent=18300"}],"wp:term":[{"taxonomy":"product_brand","embeddable":true,"href":"https:\/\/tarjousklubi.fi\/nestepattijoki\/wp-json\/wp\/v2\/product_brand?post=18300"},{"taxonomy":"product_cat","embeddable":true,"href":"https:\/\/tarjousklubi.fi\/nestepattijoki\/wp-json\/wp\/v2\/product_cat?post=18300"},{"taxonomy":"product_tag","embeddable":true,"href":"https:\/\/tarjousklubi.fi\/nestepattijoki\/wp-json\/wp\/v2\/product_tag?post=18300"}],"curies":[{"name":"wp","href":"https:\/\/api.w.org\/{rel}","templated":true}]}}