{"id":223,"date":"2020-12-15T14:41:43","date_gmt":"2020-12-15T12:41:43","guid":{"rendered":"https:\/\/tarjousklubi.fi\/nestepattijoki\/?page_id=223"},"modified":"2023-12-13T15:02:20","modified_gmt":"2023-12-13T13:02:20","slug":"terms-of-service","status":"publish","type":"page","link":"https:\/\/tarjousklubi.fi\/nestepattijoki\/en\/terms-of-service\/","title":{"rendered":"Terms of service"},"content":{"rendered":"<p>[et_pb_section fb_built=&#8221;1&#8243; _builder_version=&#8221;4.16&#8243; _module_preset=&#8221;default&#8221; global_colors_info=&#8221;{}&#8221; theme_builder_area=&#8221;post_content&#8221;][et_pb_row _builder_version=&#8221;4.16&#8243; _module_preset=&#8221;default&#8221; global_colors_info=&#8221;{}&#8221; theme_builder_area=&#8221;post_content&#8221;][et_pb_column type=&#8221;4_4&#8243; _builder_version=&#8221;4.16&#8243; _module_preset=&#8221;default&#8221; global_colors_info=&#8221;{}&#8221; theme_builder_area=&#8221;post_content&#8221;][et_pb_text _builder_version=&#8221;4.23&#8243; _module_preset=&#8221;default&#8221; header_font=&#8221;Raleway||||||||&#8221; global_colors_info=&#8221;{}&#8221; theme_builder_area=&#8221;post_content&#8221;]<\/p>\n<h1 style=\"text-align: center;\">Tietosuojaseloste<\/h1>\n<p>Rekisteri- ja tietosuojaseloste (toimitusehdot)<br \/>T\u00e4m\u00e4 on Motori Oy:n henkil\u00f6tietolain (10 ja 24 \u00a7) ja EU:n yleisen tietosuoja-<br \/>asetuksen (GDPR) mukainen rekisteri- ja tietosuojaseloste. Laadittu 15.11.2023.<br \/>Viimeisin muutos 15.11.2023.<\/p>\n<p><strong>Sis\u00e4llysluettelo:<\/strong><br \/>1 Rekisterinpit\u00e4j\u00e4 1<br \/>2 Rekisteriasioiden yhteyshenkil\u00f6 2<br \/>3 Rekisterin nimi 2<br \/>4 Oikeusperuste ja henkil\u00f6tietojen k\u00e4sittelyn tarkoitus 2<br \/>5 Mit\u00e4 tietoja k\u00e4sittelemme 2<br \/>6 Toimitusehdot 3<br \/>7 Mist\u00e4 saamme tietoa 5<br \/>8 Rekisterin suojauksen periaatteet 5<br \/>9 Mitk\u00e4 ovat sinun oikeutesi 5<br \/>10 Kehen voit olla yhteydess\u00e4 6<br \/>11 Tietojen s\u00e4\u00e4nn\u00f6nmukaiset luovutukset ja tietojen siirto EU:n tai ETA:n ulkopuolelle 6<br \/>12 Ev\u00e4steiden k\u00e4ytt\u00f6 6<br \/>13 Toistuvaisveloituksen k\u00e4ytt\u00f6ehdot 7<br \/>14 Toistuvaisveloituksen peruminen 7<br \/>15 Toistuvaisveloituksen muuttaminen 7<br \/>16 Tietosuojaselosteen muutokset 7<br \/>1 Rekisterinpit\u00e4j\u00e4<\/p>\n<p>Yritys: Motori Oy<br \/>Osoite: Purotie 1, 92140 Pattijoki<br \/>Email: posti(at)nestepattijoki.fi<\/p>\n<p><strong>2 Rekisteriasioiden yhteyshenkil\u00f6<\/strong><\/p>\n<p>Risto Ojaniemi, email: posti(at)nestepattijoki.fi, Tel: +358500686585<\/p>\n<p><strong>3 Rekisterin nimi<\/strong><\/p>\n<p>Motori Oy asiakasrekisteri<\/p>\n<p><strong>4 Oikeusperuste ja henkil\u00f6tietojen k\u00e4sittelyn tarkoitus<\/strong><\/p>\n<p>EU:n yleisen tietosuoja-asetuksen mukainen oikeusperuste henkil\u00f6tietojen<br \/>k\u00e4sittelylle on<br \/>&#8211; Luottokelpoisuuden tarkistus laskutusta varten.<br \/>&#8211; K\u00e4ytt\u00e4j\u00e4n identiteetin tunnistaminen sek\u00e4 asiakkaan k\u00e4ytt\u00f6oikeuksien<br \/>hallinta.<br \/>&#8211; Tilauksiin ja toimituksiin liittyv\u00e4 viestint\u00e4.<br \/>&#8211; Markkinointi<br \/>&#8211; Asiakassuhteen hoitaminen ja kehitt\u00e4minen<br \/>&#8211; Asiakastyytyv\u00e4isyyden mittaaminen<br \/>&#8211; Asiakaspalvelun teht\u00e4vien toteuttaminen ja asiakaspalautteen k\u00e4sittely<\/p>\n<p><strong>5 Mit\u00e4 tietoja k\u00e4sittelemme<\/strong><\/p>\n<p>K\u00e4sittelemme asiakasrekisterin yhteydess\u00e4 seuraavia henkil\u00f6- tai yritystietoja:<br \/>Rekister\u00f6idyn perustiedot:<br \/>&#8211; Etu- ja sukunimi<br \/>&#8211; Yrityksen nimi<br \/>&#8211; Katuosoite<br \/>&#8211; Postinumero<br \/>&#8211; Postitoimipaikka<br \/>&#8211; Salasana<br \/>&#8211; S\u00e4hk\u00f6postiosoite<br \/>&#8211; Puhelinnumero<br \/>&#8211; Rekisterikilpitieto (ajoneuvo)<br \/>&#8211; IP-osoite<\/p>\n<p>Tietojen antaminen on edellytys sopimussuhteemme ja\/tai<br \/>asiakassuhteemme syntymiselle. Ilman tarvittavia tietoja emme voi toimittaa<br \/>tuotetta ja\/tai palvelua.<\/p>\n<p><strong>6 Toimitusehdot<\/strong><\/p>\n<p>YRITYS: Motori Oy 0907237-7 (j\u00e4ljemp\u00e4n\u00e4 verkkokauppa) myy tuotteita<br \/>yksityishenkil\u00f6ille Suomeen. Pid\u00e4t\u00e4mme oikeuden toimitusehtojen ja hintojen<br \/>muutoksiin. Tuotteiden hinnat sis\u00e4lt\u00e4v\u00e4t arvonlis\u00e4veron.<br \/>Verkkokaupan yhteystiedot mainittu kohdassa 1.<br \/>Tilaaminen<br \/>Tilattavat tuotteet valitaan verkkosivuilla lis\u00e4\u00e4m\u00e4ll\u00e4 ne ostoskoriin. Tilaus<br \/>l\u00e4hetet\u00e4\u00e4n maksamalla ostoskorin sis\u00e4lt\u00f6 verkkokaupan kassatoiminnossa.<br \/>Tehdess\u00e4si tilauksen hyv\u00e4ksyt n\u00e4m\u00e4 toimitusehdot, tuotteiden hinnat sek\u00e4<br \/>toimituskulut. Mik\u00e4li tilaushetkell\u00e4 annetaan s\u00e4hk\u00f6postiosoite, tilauksesta<br \/>l\u00e4hetet\u00e4\u00e4n tilausvahvistus s\u00e4hk\u00f6postitse. Tilausvahvistuksesta ilmenev\u00e4t tilatut<br \/>tuotteet sek\u00e4 hinta.<\/p>\n<p><strong>Maksaminen<\/strong><br \/>Verkkokaupan maksuv\u00e4litt\u00e4j\u00e4n\u00e4 toimii Visma Pay (Visma Payments Oy, y-tunnus<br \/>2486559-4), joka on rekister\u00f6ity Finanssivalvonnan yll\u00e4pit\u00e4m\u00e4\u00e4n<br \/>maksulaitosrekisteriin. Maksamiseen siirryt\u00e4\u00e4n Visma Payn verkkopalvelun<br \/>kautta ja tiliotteella ja laskulla maksun saajana n\u00e4kyy Visma Pay tai Visma<br \/>Payments Oy. Visma Pay v\u00e4litt\u00e4\u00e4 maksut verkkokauppiaalle. Maksaminen on<br \/>turvallista, sill\u00e4 kaikki maksutapahtumaa koskevat tiedot v\u00e4litet\u00e4\u00e4n salattua<br \/>yhteytt\u00e4 k\u00e4ytt\u00e4en niin ettei kukaan ulkopuolinen taho n\u00e4e maksutapahtuman<br \/>tietoja.<br \/>Kauppa syntyy verkkokaupan asiakkaan ja verkkokaupan v\u00e4lille. Verkkokaupan<br \/>vastuulla ovat kaikki kauppaan liittyv\u00e4t velvoitteet.<br \/>Lue lis\u00e4\u00e4 Visma Paysta: https:\/\/www.visma.fi\/vismapay\/<br \/>Maksutavat<br \/>Visma Pay -palvelun kautta voit maksaa verkkopankkitunnuksilla, lompakolla,<br \/>maksukorteilla (credit\/debit), laskulla tai osamaksulla. K\u00e4ytett\u00e4viss\u00e4 ovat<\/p>\n<p>seuraavat maksutavat: Osuuspankki, Nordea, Danske Bank, Oma S\u00e4\u00e4st\u00f6pankki,<br \/>S\u00e4\u00e4st\u00f6pankki, Aktia, Paikallisosuuspankit, S-Pankki, Handelsbanken,<br \/>\u00c5landsbanken, MobilePay, Masterpass, Pivo, Visa-, Visa Debit-, Visa Electron-,<br \/>MasterCard- ja Debit MasterCard -kortit, sek\u00e4 Jousto, Fellow Lasku ja Fellow<br \/>Yrityslasku.<br \/>MobilePay: Voit maksaa MobilePay-lompakollasi mik\u00e4li olet sallinut<br \/>verkkokaupoissa maksamisen sovelluksen asetuksista. MobilePay-lompakolla<br \/>suoritetut maksut veloitetaan lompakkoon liitetylt\u00e4 maksukortilta. Mik\u00e4li maksun<br \/>veloittaminen maksukortilta ep\u00e4onnistuu, MobilePay-lompakolla maksaminen ei<br \/>ole mahdollista verkkokaupassa.<br \/>Pivo: K\u00e4ytt\u00f6ehdot ovat tarjolla Pivon sivuilla: https:\/\/pivo.fi\/kayttoehdot\/pivon-<br \/>kayttoehdot\/<br \/>Jousto lasku ja osamaksu on kotimainen palvelu, jolla teet ostoksesi nopeasti ja<br \/>turvallisesti. Jousto on tarkoitettu yksityishenkil\u00f6ille, jotka ovat hoitaneet raha-<br \/>asiansa moitteettomasti. Joustolla saat 30 vuorokautta korotonta ja kulutonta<br \/>maksuaikaa. Laskun saatuasi voit p\u00e4\u00e4tt\u00e4\u00e4 maksatko sen kokonaan vai osissa.<br \/>Osamaksulla voit maksaa ostoksesi jopa 36:ssa er\u00e4ss\u00e4, alkaen 9,90 eur\/kk. Jousto<br \/>osamaksun kustannukset ovat 3,90 eur\/kk ja 19,90%:n luottokorko. Voit maksaa<br \/>Joustolla 30\u20133000 euron ostoksia. Luotonmy\u00f6nt\u00e4j\u00e4n\u00e4 toimii Aurajoki Nordic Oy.<br \/>Lue lis\u00e4\u00e4 Joustosta osoitteessa www.jousto.com.<br \/>OP Lasku &#8211; Joustava tapa maksaa verkko-ostokset. Kaikkien pankkien asiakkaille.<br \/>OP Laskulla voit tehd\u00e4 enint\u00e4\u00e4n 5 000 euron suuruisia ostoksia ja maksaa ne<br \/>korottomasti pois 45 vuorokauden sis\u00e4ll\u00e4. Halutessasi voit pilkkoa laskun<br \/>useampaan maksuer\u00e4\u00e4n. Ostoksesi n\u00e4kyv\u00e4t yhdess\u00e4 paikassa, joten pysyt<br \/>helposti perill\u00e4 rahan k\u00e4yt\u00f6st\u00e4. Luottorajan avulla pid\u00e4t kulutuksen haluamissasi<br \/>rajoissa. Saat laskut k\u00e4tev\u00e4sti s\u00e4hk\u00f6postiisi. Verkkopalvelussamme n\u00e4et tietoja<br \/>OP Laskun k\u00e4yt\u00f6st\u00e4si ja tekemiesi ostosten summan. Voit k\u00e4ytt\u00e4\u00e4 OP Laskua, jos<br \/>olet maksukykyinen yli 20-vuotias, ja sinulla on suomalaisen pankin<br \/>verkkotunnukset. Lis\u00e4tietoja OP Laskuun liittyen l\u00f6yd\u00e4t osoitteesta:<br \/>https:\/\/www.op.fi\/henkiloasiakkaat\/paivittaiset\/maksaminen\/op-lasku<br \/>Visma Pay -maksupalvelun yhteystiedot<br \/>Visma Payments Oy (Y-tunnus 2486559-4)<br \/>S\u00e4hk\u00f6posti: helpdesk@vismapay.com<br \/>Puhelin: 09 315 42 037 (arkisin klo 8-16)<br \/>ostiosoite: Brahenkatu 4, 53100 Lappeenranta<\/p>\n<p>Reklamaatiotapauksissa pyyd\u00e4mme olemaan yhteydess\u00e4 asiakaspalveluumme.<br \/>Kuluttajalla on oikeus vied\u00e4 mahdolliset riitatilanteet kuluttajariitalautakunnan<br \/>ratkaistavaksi.<br \/><strong>7 Mist\u00e4 saamme tietoa<\/strong><\/p>\n<p>Asiakkaan henkil\u00f6tietoja ker\u00e4t\u00e4\u00e4n p\u00e4\u00e4asiassa asiakkaalta itselt\u00e4\u00e4n, sopimuksen,<br \/>rekister\u00f6itymisen tai verkkokaupan maksuoperaattorilta (VismaPay).<\/p>\n<p><strong>8 Rekisterin suojauksen periaatteet<\/strong><\/p>\n<p>Rekisterin k\u00e4sittelyss\u00e4 noudatetaan huolellisuutta ja tietoj\u00e4rjestelmien avulla<br \/>k\u00e4sitelt\u00e4v\u00e4t tiedot suojataan asianmukaisesti. Kun rekisteritietoja s\u00e4ilytet\u00e4\u00e4n<br \/>Internet-palvelimilla, niiden laitteiston fyysisest\u00e4 ja digitaalisesta tietoturvasta<br \/>huolehditaan asiaankuuluvasti. Rekisterinpit\u00e4j\u00e4 huolehtii siit\u00e4, ett\u00e4 tallennettuja<br \/>tietoja sek\u00e4 palvelimien k\u00e4ytt\u00f6oikeuksia ja muita henkil\u00f6tietojen turvallisuuden<br \/>kannalta kriittisi\u00e4 tietoja k\u00e4sitell\u00e4\u00e4n luottamuksellisesti ja vain niiden<br \/>ty\u00f6ntekij\u00f6iden toimesta, joiden ty\u00f6nkuvaan se kuuluu.<\/p>\n<p><strong>9 Mitk\u00e4 ovat sinun oikeutesi<\/strong><\/p>\n<p>Jokaisella rekisteriss\u00e4 olevalla henkil\u00f6ll\u00e4 on oikeus tarkistaa rekisteriin tallennetut<br \/>tietonsa ja vaatia mahdollisen virheellisen tiedon korjaamista tai puutteellisen<br \/>tiedon t\u00e4ydent\u00e4mist\u00e4. Mik\u00e4li henkil\u00f6 haluaa tarkistaa h\u00e4nest\u00e4 tallennetut tiedot<br \/>tai vaatia niihin oikaisua, pyynt\u00f6 tulee l\u00e4hett\u00e4\u00e4 kirjallisesti rekisterinpit\u00e4j\u00e4lle.<br \/>Rekisterinpit\u00e4j\u00e4 voi pyyt\u00e4\u00e4 tarvittaessa pyynn\u00f6n esitt\u00e4j\u00e4\u00e4 todistamaan<br \/>henkil\u00f6llisyytens\u00e4. Rekisterinpit\u00e4j\u00e4 vastaa asiakkaalle EU:n tietosuoja-<br \/>asetuksessa s\u00e4\u00e4detyss\u00e4 ajassa (p\u00e4\u00e4s\u00e4\u00e4nt\u00f6isesti kuukauden kuluessa).<br \/>Rekisteriss\u00e4 olevalla henkil\u00f6ll\u00e4 on oikeus pyyt\u00e4\u00e4 h\u00e4nt\u00e4 koskevien henkil\u00f6tietojen<br \/>poistamiseen rekisterist\u00e4 (&amp;quot;oikeus tulla unohdetuksi&amp;quot;). Niin ik\u00e4\u00e4n rekister\u00f6idyill\u00e4<br \/>on muut EU:n yleisen tietosuoja-asetuksen mukaiset oikeudet kuten<br \/>henkil\u00f6tietojen k\u00e4sittelyn rajoittaminen tietyiss\u00e4 tilanteissa. Pyynn\u00f6t tulee<br \/>l\u00e4hett\u00e4\u00e4 kirjallisesti rekisterinpit\u00e4j\u00e4lle. Rekisterinpit\u00e4j\u00e4 voi pyyt\u00e4\u00e4 tarvittaessa<br \/>pyynn\u00f6n esitt\u00e4j\u00e4\u00e4 todistamaan henkil\u00f6llisyytens\u00e4. Rekisterinpit\u00e4j\u00e4 vastaa<br \/>asiakkaalle EU:n tietosuoja-asetuksessa s\u00e4\u00e4detyss\u00e4 ajassa (p\u00e4\u00e4s\u00e4\u00e4nt\u00f6isesti<br \/>kuukauden kuluessa).<\/p>\n<p><strong>10 Kehen voit olla yhteydess\u00e4<\/strong><\/p>\n<p>Kaikki t\u00e4t\u00e4 selostetta koskevat yhteydenotot ja pyynn\u00f6t tulee esitt\u00e4\u00e4 kirjallisesti<br \/>kohdassa kaksi (2) nimetylle yhteyshenkil\u00f6lle. Tarkastuspyynn\u00f6n vastaus<br \/>toimitetaan asiakkaan v\u00e4est\u00f6tietoj\u00e4rjestelm\u00e4st\u00e4 varmennettuun osoitteeseen.<br \/>Korjauspyynn\u00f6ss\u00e4 on kerrottava nimi ja yksil\u00f6it\u00e4v\u00e4 ja perusteltava<br \/>korjausvaatimus sek\u00e4 kerrottava, mill\u00e4 tavoin tieto pit\u00e4isi oikaista.<\/p>\n<p><strong>11 Tietojen s\u00e4\u00e4nn\u00f6nmukaiset luovutukset ja tietojen siirto EU:n tai<\/strong><br \/><strong>ETA:n ulkopuolelle<\/strong><\/p>\n<p>Tietoja ei luovuteta s\u00e4\u00e4nn\u00f6nmukaisesti muille tahoille. Tietoja voidaan julkaista<br \/>silt\u00e4 osin kuin niin on sovittu asiakkaan kanssa. Tietoja voidaan siirt\u00e4\u00e4<br \/>rekisterinpit\u00e4j\u00e4n toimesta my\u00f6s EU:n tai ETA:n ulkopuolelle.<\/p>\n<p><strong>12 Ev\u00e4steiden k\u00e4ytt\u00f6<\/strong><\/p>\n<p>K\u00e4yt\u00e4mme ev\u00e4steit\u00e4 verkkosivuillamme, jotta voisimme tarjota parhaan<br \/>mahdollisen k\u00e4ytt\u00e4j\u00e4kokemuksen sivuston k\u00e4vij\u00e4lle. Ev\u00e4steet ovat lyhyit\u00e4<br \/>tekstitiedostoja, jotka verkkopalvelin tallentaa k\u00e4ytt\u00e4j\u00e4n p\u00e4\u00e4telaitteelle. Ev\u00e4steet<br \/>antavat meille tietoa siit\u00e4, miten k\u00e4ytt\u00e4j\u00e4t k\u00e4ytt\u00e4v\u00e4t verkkosivustoamme.<br \/>Saatamme hy\u00f6dynt\u00e4\u00e4 ev\u00e4steit\u00e4 palveluidemme ja verkkosivustomme<br \/>kehitt\u00e4miseksi, verkkosivuston k\u00e4yt\u00f6n analysoimiseksi, sek\u00e4 markkinoinnin<br \/>kohdentamiseksi ja optimoimiseksi. Verkkosivuston k\u00e4ytt\u00e4j\u00e4 voi antaa<br \/>suostumuksensa tai kielt\u00e4\u00e4 ev\u00e4steiden k\u00e4yt\u00f6n verkkoselaimensa asetuksista.<br \/>Useimmat verkkoselaimet sallivat ev\u00e4steet automaattisesti. Huomaathan, ett\u00e4<br \/>ev\u00e4steiden est\u00e4minen saattaa rajoittaa verkkosivustomme toimivuutta.<br \/>K\u00e4yt\u00e4mme verkkosivustolla kahden tyyppisi\u00e4 ev\u00e4steit\u00e4, toiminnan kannalta<br \/>v\u00e4ltt\u00e4m\u00e4tt\u00f6mi\u00e4 sek\u00e4 markkinointiev\u00e4steit\u00e4. Markkinointiev\u00e4steet, joita<br \/>k\u00e4yt\u00e4mme ovat: Google Analytics. K\u00e4yt\u00e4mme markkinointiev\u00e4steit\u00e4<br \/>verkkosivuston k\u00e4ytt\u00f6kokemuksen parantamiseen. Markkinointiev\u00e4steet ovat<br \/>mahdollista kielt\u00e4\u00e4 selaimen asetuksista tai verkkosivun po<br \/>13 Toistuvaisveloituksen k\u00e4ytt\u00f6ehdot<br \/>Toistuvaisveloitus tarkoittaa sit\u00e4, ett\u00e4 jos asiakas on ostanut ns<br \/>kuukausipesupaketin niin kortilta veloitetaan kauden p\u00e4\u00e4tytty\u00e4 automaattisesti<\/p>\n<p>seuraava kausi. Veloitus tehd\u00e4\u00e4n silt\u00e4 kortilta jolla ensimm\u00e4inen<br \/>toistuvaispesupaketti on ostettu.<\/p>\n<p><strong>14 Toistuvaisveloituksen peruminen<\/strong><br \/>K\u00e4ytt\u00e4j\u00e4 voi perua automaattisen veloituksen milloin tahansa kirjautumalla<br \/>verkkokauppaan ja menem\u00e4ll\u00e4 \u201coma-tili\u201d osioon -&amp;gt; toistuvaispesut -&amp;gt; peru tilaus.<br \/>T\u00e4st\u00e4 tulee s\u00e4hk\u00f6postiin peruutus ilmoitus.<br \/><strong>15 Toistuvaisveloituksen muuttaminen<\/strong><br \/>Kauppias pid\u00e4tt\u00e4\u00e4 kaikki oikeudet muuttaa sopimusta (esim. Hinta,<br \/>keskeytt\u00e4minen).<br \/><strong>16 Tietosuojaselosteen muutokset<\/strong><br \/>Mik\u00e4li muutamme t\u00e4t\u00e4 selostetta, laitamme muutokset n\u00e4kyville selosteeseen<br \/>p\u00e4iv\u00e4ttyn\u00e4.<\/p>\n<p>[\/et_pb_text][\/et_pb_column][\/et_pb_row][\/et_pb_section]<\/p>\n","protected":false},"excerpt":{"rendered":"<p>Tietosuojaseloste Rekisteri- ja tietosuojaseloste (toimitusehdot)T\u00e4m\u00e4 on Motori Oy:n henkil\u00f6tietolain (10 ja 24 \u00a7) ja EU:n yleisen tietosuoja-asetuksen (GDPR) mukainen rekisteri- ja tietosuojaseloste. Laadittu 15.11.2023.Viimeisin muutos 15.11.2023. Sis\u00e4llysluettelo:1 Rekisterinpit\u00e4j\u00e4 12 Rekisteriasioiden yhteyshenkil\u00f6 23 Rekisterin nimi 24 Oikeusperuste ja henkil\u00f6tietojen k\u00e4sittelyn tarkoitus 25 Mit\u00e4 tietoja k\u00e4sittelemme 26 Toimitusehdot 37 Mist\u00e4 saamme tietoa 58 Rekisterin suojauksen periaatteet 59 [&hellip;]<\/p>\n","protected":false},"author":14,"featured_media":0,"parent":0,"menu_order":0,"comment_status":"closed","ping_status":"closed","template":"","meta":{"_et_pb_use_builder":"on","_et_pb_old_content":"","_et_gb_content_width":"","footnotes":""},"class_list":["post-223","page","type-page","status-publish","hentry"],"lang":"en","translations":{"en":223,"fi":174},"pll_sync_post":[],"_links":{"self":[{"href":"https:\/\/tarjousklubi.fi\/nestepattijoki\/wp-json\/wp\/v2\/pages\/223","targetHints":{"allow":["GET"]}}],"collection":[{"href":"https:\/\/tarjousklubi.fi\/nestepattijoki\/wp-json\/wp\/v2\/pages"}],"about":[{"href":"https:\/\/tarjousklubi.fi\/nestepattijoki\/wp-json\/wp\/v2\/types\/page"}],"author":[{"embeddable":true,"href":"https:\/\/tarjousklubi.fi\/nestepattijoki\/wp-json\/wp\/v2\/users\/14"}],"replies":[{"embeddable":true,"href":"https:\/\/tarjousklubi.fi\/nestepattijoki\/wp-json\/wp\/v2\/comments?post=223"}],"version-history":[{"count":8,"href":"https:\/\/tarjousklubi.fi\/nestepattijoki\/wp-json\/wp\/v2\/pages\/223\/revisions"}],"predecessor-version":[{"id":16186,"href":"https:\/\/tarjousklubi.fi\/nestepattijoki\/wp-json\/wp\/v2\/pages\/223\/revisions\/16186"}],"wp:attachment":[{"href":"https:\/\/tarjousklubi.fi\/nestepattijoki\/wp-json\/wp\/v2\/media?parent=223"}],"curies":[{"name":"wp","href":"https:\/\/api.w.org\/{rel}","templated":true}]}}