{"id":20851,"date":"2026-05-04T15:00:53","date_gmt":"2026-05-04T12:00:53","guid":{"rendered":"https:\/\/tarjousklubi.fi\/api24\/tuote\/pickup-pesu-2\/"},"modified":"2026-05-04T15:00:53","modified_gmt":"2026-05-04T12:00:53","slug":"pickup-pesu-2","status":"publish","type":"product","link":"https:\/\/tarjousklubi.fi\/api24\/fi\/tuote\/pickup-pesu-2\/","title":{"rendered":"Pickup pesu"},"content":{"rendered":"","protected":false},"excerpt":{"rendered":"<p>Pesuohjelma avolava-autoille. HUOM! Kattotelineet, lis\u00e4valot, vilkut ym. j\u00e4lkiasennetut lis\u00e4varusteet ovat asiakkaan omalla vastuulla.<\/p>\n","protected":false},"featured_media":16082,"comment_status":"open","ping_status":"closed","template":"","meta":{"_et_pb_use_builder":"","_et_pb_old_content":"","_et_gb_content_width":""},"product_brand":[],"product_cat":[104],"product_tag":[],"class_list":{"0":"post-20851","1":"product","2":"type-product","3":"status-publish","4":"has-post-thumbnail","6":"product_cat-kuopio_fi","8":"first","9":"instock","10":"virtual","11":"taxable","12":"purchasable","13":"product-type-simple"},"pll_sync_post":{},"lang":"fi","translations":{"fi":20851},"_links":{"self":[{"href":"https:\/\/tarjousklubi.fi\/api24\/wp-json\/wp\/v2\/product\/20851","targetHints":{"allow":["GET"]}}],"collection":[{"href":"https:\/\/tarjousklubi.fi\/api24\/wp-json\/wp\/v2\/product"}],"about":[{"href":"https:\/\/tarjousklubi.fi\/api24\/wp-json\/wp\/v2\/types\/product"}],"replies":[{"embeddable":true,"href":"https:\/\/tarjousklubi.fi\/api24\/wp-json\/wp\/v2\/comments?post=20851"}],"wp:featuredmedia":[{"embeddable":true,"href":"https:\/\/tarjousklubi.fi\/api24\/wp-json\/wp\/v2\/media\/16082"}],"wp:attachment":[{"href":"https:\/\/tarjousklubi.fi\/api24\/wp-json\/wp\/v2\/media?parent=20851"}],"wp:term":[{"taxonomy":"product_brand","embeddable":true,"href":"https:\/\/tarjousklubi.fi\/api24\/wp-json\/wp\/v2\/product_brand?post=20851"},{"taxonomy":"product_cat","embeddable":true,"href":"https:\/\/tarjousklubi.fi\/api24\/wp-json\/wp\/v2\/product_cat?post=20851"},{"taxonomy":"product_tag","embeddable":true,"href":"https:\/\/tarjousklubi.fi\/api24\/wp-json\/wp\/v2\/product_tag?post=20851"}],"curies":[{"name":"wp","href":"https:\/\/api.w.org\/{rel}","templated":true}]}}