{"id":20426,"date":"2026-03-24T17:00:31","date_gmt":"2026-03-24T15:00:31","guid":{"rendered":"https:\/\/tarjousklubi.fi\/api24\/tuote\/basic-peruspesu-pehmoharjoilla-2\/"},"modified":"2026-03-24T17:00:31","modified_gmt":"2026-03-24T15:00:31","slug":"basic-peruspesu-pehmoharjoilla-2","status":"publish","type":"product","link":"https:\/\/tarjousklubi.fi\/api24\/fi\/tuote\/basic-peruspesu-pehmoharjoilla-2\/","title":{"rendered":"Basic peruspesu pehmoharjoilla"},"content":{"rendered":"","protected":false},"excerpt":{"rendered":"<p>Pehmoharjapesu. Sis\u00e4lt\u00e4\u00e4: esipesuaineen, korkeapainepesun, pehmoharjauksen, py\u00f6r\u00e4npesun, huuhtelun sek\u00e4 kuivauksen.<\/p>\n","protected":false},"featured_media":16077,"comment_status":"open","ping_status":"closed","template":"","meta":{"_et_pb_use_builder":"","_et_pb_old_content":"","_et_gb_content_width":""},"product_brand":[],"product_cat":[104],"product_tag":[],"class_list":{"0":"post-20426","1":"product","2":"type-product","3":"status-publish","4":"has-post-thumbnail","6":"product_cat-kuopio_fi","8":"first","9":"instock","10":"virtual","11":"taxable","12":"purchasable","13":"product-type-simple"},"pll_sync_post":[],"lang":"fi","translations":{"fi":20426},"_links":{"self":[{"href":"https:\/\/tarjousklubi.fi\/api24\/wp-json\/wp\/v2\/product\/20426","targetHints":{"allow":["GET"]}}],"collection":[{"href":"https:\/\/tarjousklubi.fi\/api24\/wp-json\/wp\/v2\/product"}],"about":[{"href":"https:\/\/tarjousklubi.fi\/api24\/wp-json\/wp\/v2\/types\/product"}],"replies":[{"embeddable":true,"href":"https:\/\/tarjousklubi.fi\/api24\/wp-json\/wp\/v2\/comments?post=20426"}],"wp:featuredmedia":[{"embeddable":true,"href":"https:\/\/tarjousklubi.fi\/api24\/wp-json\/wp\/v2\/media\/16077"}],"wp:attachment":[{"href":"https:\/\/tarjousklubi.fi\/api24\/wp-json\/wp\/v2\/media?parent=20426"}],"wp:term":[{"taxonomy":"product_brand","embeddable":true,"href":"https:\/\/tarjousklubi.fi\/api24\/wp-json\/wp\/v2\/product_brand?post=20426"},{"taxonomy":"product_cat","embeddable":true,"href":"https:\/\/tarjousklubi.fi\/api24\/wp-json\/wp\/v2\/product_cat?post=20426"},{"taxonomy":"product_tag","embeddable":true,"href":"https:\/\/tarjousklubi.fi\/api24\/wp-json\/wp\/v2\/product_tag?post=20426"}],"curies":[{"name":"wp","href":"https:\/\/api.w.org\/{rel}","templated":true}]}}