{"id":20424,"date":"2026-03-24T17:00:30","date_gmt":"2026-03-24T15:00:30","guid":{"rendered":"https:\/\/tarjousklubi.fi\/api24\/tuote\/lux-2\/"},"modified":"2026-03-24T17:00:30","modified_gmt":"2026-03-24T15:00:30","slug":"lux-2","status":"publish","type":"product","link":"https:\/\/tarjousklubi.fi\/api24\/fi\/tuote\/lux-2\/","title":{"rendered":"Lux"},"content":{"rendered":"<p>Korkealaatuisen pehmoharjapesun lis\u00e4ksi autosi kiillotetaan kiillotusvahalla, ja n\u00e4in saadaan aikaan parempi pesutulos, sek\u00e4 kiilt\u00e4v\u00e4 ja likaa hylkiv\u00e4 maalipinta.<\/p>\n","protected":false},"excerpt":{"rendered":"<p>Pehmoharjapesu kiillotusvahalla<br \/>\nKorkealaatuisen pehmoharjapesun lis\u00e4ksi autosi kiillotetaan kiillotusvahalla, ja n\u00e4in saadaan aikaan parempi pesutulos, sek\u00e4 kiilt\u00e4v\u00e4 ja likaa hylkiv\u00e4 maalipinta.<\/p>\n","protected":false},"featured_media":16081,"comment_status":"open","ping_status":"closed","template":"","meta":{"_et_pb_use_builder":"","_et_pb_old_content":"","_et_gb_content_width":""},"product_brand":[],"product_cat":[104],"product_tag":[],"class_list":{"0":"post-20424","1":"product","2":"type-product","3":"status-publish","4":"has-post-thumbnail","6":"product_cat-kuopio_fi","8":"first","9":"instock","10":"virtual","11":"taxable","12":"purchasable","13":"product-type-simple"},"pll_sync_post":[],"lang":"fi","translations":{"fi":20424},"_links":{"self":[{"href":"https:\/\/tarjousklubi.fi\/api24\/wp-json\/wp\/v2\/product\/20424","targetHints":{"allow":["GET"]}}],"collection":[{"href":"https:\/\/tarjousklubi.fi\/api24\/wp-json\/wp\/v2\/product"}],"about":[{"href":"https:\/\/tarjousklubi.fi\/api24\/wp-json\/wp\/v2\/types\/product"}],"replies":[{"embeddable":true,"href":"https:\/\/tarjousklubi.fi\/api24\/wp-json\/wp\/v2\/comments?post=20424"}],"wp:featuredmedia":[{"embeddable":true,"href":"https:\/\/tarjousklubi.fi\/api24\/wp-json\/wp\/v2\/media\/16081"}],"wp:attachment":[{"href":"https:\/\/tarjousklubi.fi\/api24\/wp-json\/wp\/v2\/media?parent=20424"}],"wp:term":[{"taxonomy":"product_brand","embeddable":true,"href":"https:\/\/tarjousklubi.fi\/api24\/wp-json\/wp\/v2\/product_brand?post=20424"},{"taxonomy":"product_cat","embeddable":true,"href":"https:\/\/tarjousklubi.fi\/api24\/wp-json\/wp\/v2\/product_cat?post=20424"},{"taxonomy":"product_tag","embeddable":true,"href":"https:\/\/tarjousklubi.fi\/api24\/wp-json\/wp\/v2\/product_tag?post=20424"}],"curies":[{"name":"wp","href":"https:\/\/api.w.org\/{rel}","templated":true}]}}