{"id":20418,"date":"2026-03-24T17:00:26","date_gmt":"2026-03-24T15:00:26","guid":{"rendered":"https:\/\/tarjousklubi.fi\/api24\/tuote\/protect-wash\/"},"modified":"2026-03-24T17:00:26","modified_gmt":"2026-03-24T15:00:26","slug":"protect-wash","status":"publish","type":"product","link":"https:\/\/tarjousklubi.fi\/api24\/fi\/tuote\/protect-wash\/","title":{"rendered":"Protect Wash"},"content":{"rendered":"<p>Esipesuaine, vaahdotus, korkeapainepesu katto, kyljet, shampoo harjaus,  vannepesu harjoilla, Protect Shine-vahaus kiillotuksella, kuivaus<\/p>\n","protected":false},"excerpt":{"rendered":"<p>Paras pehmoharjapesumme huippukiilt\u00e4v\u00e4ll\u00e4 keraamisella pinnoitteella<\/p>\n","protected":false},"featured_media":16073,"comment_status":"open","ping_status":"closed","template":"","meta":{"_et_pb_use_builder":"","_et_pb_old_content":"","_et_gb_content_width":""},"product_brand":[],"product_cat":[94],"product_tag":[],"class_list":{"0":"post-20418","1":"product","2":"type-product","3":"status-publish","4":"has-post-thumbnail","6":"product_cat-joensuu_fi","8":"first","9":"instock","10":"virtual","11":"taxable","12":"purchasable","13":"product-type-simple"},"pll_sync_post":[],"lang":"fi","translations":{"fi":20418},"_links":{"self":[{"href":"https:\/\/tarjousklubi.fi\/api24\/wp-json\/wp\/v2\/product\/20418","targetHints":{"allow":["GET"]}}],"collection":[{"href":"https:\/\/tarjousklubi.fi\/api24\/wp-json\/wp\/v2\/product"}],"about":[{"href":"https:\/\/tarjousklubi.fi\/api24\/wp-json\/wp\/v2\/types\/product"}],"replies":[{"embeddable":true,"href":"https:\/\/tarjousklubi.fi\/api24\/wp-json\/wp\/v2\/comments?post=20418"}],"wp:featuredmedia":[{"embeddable":true,"href":"https:\/\/tarjousklubi.fi\/api24\/wp-json\/wp\/v2\/media\/16073"}],"wp:attachment":[{"href":"https:\/\/tarjousklubi.fi\/api24\/wp-json\/wp\/v2\/media?parent=20418"}],"wp:term":[{"taxonomy":"product_brand","embeddable":true,"href":"https:\/\/tarjousklubi.fi\/api24\/wp-json\/wp\/v2\/product_brand?post=20418"},{"taxonomy":"product_cat","embeddable":true,"href":"https:\/\/tarjousklubi.fi\/api24\/wp-json\/wp\/v2\/product_cat?post=20418"},{"taxonomy":"product_tag","embeddable":true,"href":"https:\/\/tarjousklubi.fi\/api24\/wp-json\/wp\/v2\/product_tag?post=20418"}],"curies":[{"name":"wp","href":"https:\/\/api.w.org\/{rel}","templated":true}]}}