{"id":20411,"date":"2026-03-24T17:00:22","date_gmt":"2026-03-24T15:00:22","guid":{"rendered":"https:\/\/tarjousklubi.fi\/api24\/tuote\/pesu-huippu-kiillolla-protect-shine-vahauksella-3-kpl-2\/"},"modified":"2026-03-24T17:00:22","modified_gmt":"2026-03-24T15:00:22","slug":"pesu-huippu-kiillolla-protect-shine-vahauksella-3-kpl-2","status":"publish","type":"product","link":"https:\/\/tarjousklubi.fi\/api24\/fi\/tuote\/pesu-huippu-kiillolla-protect-shine-vahauksella-3-kpl-2\/","title":{"rendered":"Pesu huippu kiillolla Protect Shine vahauksella 3 kpl"},"content":{"rendered":"<p>Protect Shine muodostaa auton pinnalle suojaavan, pitk\u00e4kestoisen likaa ja vett\u00e4 hylkiv\u00e4n pinnan huippukiillolla<\/p>\n","protected":false},"excerpt":{"rendered":"<p>Paras pehmoharjapesumme huippukiilt\u00e4v\u00e4ll\u00e4 keraamisella pinnoitteella<\/p>\n","protected":false},"featured_media":16073,"comment_status":"open","ping_status":"closed","template":"","meta":{"_et_pb_use_builder":"","_et_pb_old_content":"","_et_gb_content_width":""},"product_brand":[],"product_cat":[104],"product_tag":[],"class_list":{"0":"post-20411","1":"product","2":"type-product","3":"status-publish","4":"has-post-thumbnail","6":"product_cat-kuopio_fi","8":"first","9":"instock","10":"sale","11":"virtual","12":"taxable","13":"purchasable","14":"product-type-simple"},"pll_sync_post":[],"lang":"fi","translations":{"fi":20411},"_links":{"self":[{"href":"https:\/\/tarjousklubi.fi\/api24\/wp-json\/wp\/v2\/product\/20411","targetHints":{"allow":["GET"]}}],"collection":[{"href":"https:\/\/tarjousklubi.fi\/api24\/wp-json\/wp\/v2\/product"}],"about":[{"href":"https:\/\/tarjousklubi.fi\/api24\/wp-json\/wp\/v2\/types\/product"}],"replies":[{"embeddable":true,"href":"https:\/\/tarjousklubi.fi\/api24\/wp-json\/wp\/v2\/comments?post=20411"}],"wp:featuredmedia":[{"embeddable":true,"href":"https:\/\/tarjousklubi.fi\/api24\/wp-json\/wp\/v2\/media\/16073"}],"wp:attachment":[{"href":"https:\/\/tarjousklubi.fi\/api24\/wp-json\/wp\/v2\/media?parent=20411"}],"wp:term":[{"taxonomy":"product_brand","embeddable":true,"href":"https:\/\/tarjousklubi.fi\/api24\/wp-json\/wp\/v2\/product_brand?post=20411"},{"taxonomy":"product_cat","embeddable":true,"href":"https:\/\/tarjousklubi.fi\/api24\/wp-json\/wp\/v2\/product_cat?post=20411"},{"taxonomy":"product_tag","embeddable":true,"href":"https:\/\/tarjousklubi.fi\/api24\/wp-json\/wp\/v2\/product_tag?post=20411"}],"curies":[{"name":"wp","href":"https:\/\/api.w.org\/{rel}","templated":true}]}}