{"id":20407,"date":"2026-03-24T17:00:20","date_gmt":"2026-03-24T15:00:20","guid":{"rendered":"https:\/\/tarjousklubi.fi\/api24\/tuote\/kk-sopimus-3990e-kk-sopimuksen-irtisanomisaika-on-kuluva-maksettu-kuukausi-1-yksi-kuukausi-2\/"},"modified":"2026-03-24T17:00:20","modified_gmt":"2026-03-24T15:00:20","slug":"kk-sopimus-3990e-kk-sopimuksen-irtisanomisaika-on-kuluva-maksettu-kuukausi-1-yksi-kuukausi-2","status":"publish","type":"product","link":"https:\/\/tarjousklubi.fi\/api24\/fi\/tuote\/kk-sopimus-3990e-kk-sopimuksen-irtisanomisaika-on-kuluva-maksettu-kuukausi-1-yksi-kuukausi-2\/","title":{"rendered":"KK sopimus 39,90\u20ac\/kk. Sopimuksen irtisanomisaika on kuluva maksettu kuukausi + 1 (yksi) kuukausi."},"content":{"rendered":"<p>Pit\u00e4k\u00e4\u00e4 huoli ett\u00e4 auton rekisterikilpi on puhdas, varsinkin talvella lumesta<\/p>\n<p>1. Ajakaa rauhallisesti pesulan eteen maksutolpan kohdalle pys\u00e4htyen siten ett\u00e4 kuljettajan ovi on tolpan kohdalla, kamera tunnistaa rekisterikilven. <\/p>\n<p>2. Maksutolpan kosketusn\u00e4yt\u00f6lle tulee pesuvalikko ja valitsette pesun, Valitkaa haluamanne pesu HETI, pesuvalikko on avoinna noin 60 sekuntia. Ovet aukeaa kun pesuhalli on tyhj\u00e4.<\/p>\n<p>( Jos pesuvalikko kerki\u00e4\u00e4 kadota n\u00e4yt\u00f6lt\u00e4 niin on sy\u00f6tett\u00e4v\u00e4 rekisterinumero n\u00e4yt\u00f6lle kohtaan &#8221;sy\u00f6t\u00e4 rekisterinumero&#8221; ja silloin tulee tekstiviestill\u00e4 koodi mill\u00e4 p\u00e4\u00e4see pesem\u00e4\u00e4n auton.<\/p>\n<p>(Pesun voi k\u00e4yd\u00e4 painamassa n\u00e4yt\u00f6lt\u00e4 jonottaessa kun olet siirtynyt ensimm\u00e4iseksi autoksi edellisen siirrytty\u00e4 pesuhalliin. Maksutolpassa on ns. 1 auton jonotus toiminto)<\/p>\n<p>3. Aja halliin pesukoneelle kunnes punainen STOP valo syttyy.<\/p>\n<p>4. Sammuta auto, laita k\u00e4sijarru ja mahdollisesti keskuslukitus p\u00e4\u00e4lle<\/p>\n<p>5. Kun pesu p\u00e4\u00e4ttyy ovet avautuvat ja pesukoneeseen syttyy ulosajovalo, tarkista jarrujen toimivuus heti ulkona<\/p>\n<p>(jos olette jonossa ja olette seuraavana vuorossa niin siirt\u00e4k\u00e4\u00e4 auto rauhallisesti maksutolpan kohdalle heti kun edellinen on mennyt pesuhalliin) Kamera lukee silloin teid\u00e4n rekisterikilven ja ottakaa heti pesu maksutolpasta, pesuvalikko on n\u00e4kyviss\u00e4 noin 60 sekuntia<\/p>\n<p>\u00c4lk\u00e4\u00e4 ajako edell\u00e4 menev\u00e4n per\u00e4ss\u00e4 liian l\u00e4hell\u00e4, ett\u00e4 kamera p\u00e4\u00e4see tunnistamaan teid\u00e4n auton rekisterikilven<\/p>\n","protected":false},"excerpt":{"rendered":"<p>Sopimukseen kuuluu kaikki pesulamme ja kaikki pesut valikoimastamme. Sopimuksen irtisanomisaika on kuluva maksettu kuukausi + 1 (yksi) kuukausi.<\/p>\n","protected":false},"featured_media":16080,"comment_status":"open","ping_status":"closed","template":"","meta":{"_et_pb_use_builder":"","_et_pb_old_content":"","_et_gb_content_width":""},"product_brand":[],"product_cat":[104],"product_tag":[],"class_list":{"0":"post-20407","1":"product","2":"type-product","3":"status-publish","4":"has-post-thumbnail","6":"product_cat-kuopio_fi","8":"first","9":"instock","10":"virtual","11":"taxable","12":"purchasable","13":"product-type-simple"},"pll_sync_post":[],"lang":"fi","translations":{"fi":20407},"_links":{"self":[{"href":"https:\/\/tarjousklubi.fi\/api24\/wp-json\/wp\/v2\/product\/20407","targetHints":{"allow":["GET"]}}],"collection":[{"href":"https:\/\/tarjousklubi.fi\/api24\/wp-json\/wp\/v2\/product"}],"about":[{"href":"https:\/\/tarjousklubi.fi\/api24\/wp-json\/wp\/v2\/types\/product"}],"replies":[{"embeddable":true,"href":"https:\/\/tarjousklubi.fi\/api24\/wp-json\/wp\/v2\/comments?post=20407"}],"wp:featuredmedia":[{"embeddable":true,"href":"https:\/\/tarjousklubi.fi\/api24\/wp-json\/wp\/v2\/media\/16080"}],"wp:attachment":[{"href":"https:\/\/tarjousklubi.fi\/api24\/wp-json\/wp\/v2\/media?parent=20407"}],"wp:term":[{"taxonomy":"product_brand","embeddable":true,"href":"https:\/\/tarjousklubi.fi\/api24\/wp-json\/wp\/v2\/product_brand?post=20407"},{"taxonomy":"product_cat","embeddable":true,"href":"https:\/\/tarjousklubi.fi\/api24\/wp-json\/wp\/v2\/product_cat?post=20407"},{"taxonomy":"product_tag","embeddable":true,"href":"https:\/\/tarjousklubi.fi\/api24\/wp-json\/wp\/v2\/product_tag?post=20407"}],"curies":[{"name":"wp","href":"https:\/\/api.w.org\/{rel}","templated":true}]}}