{"id":20402,"date":"2026-03-24T17:00:17","date_gmt":"2026-03-24T15:00:17","guid":{"rendered":"https:\/\/tarjousklubi.fi\/api24\/tuote\/kk-sopimus3990e-kk-ensimmainen-kk-50-irtisanomisaika-on-maksettu-kuukausi-1-yksi-kk\/"},"modified":"2026-03-24T17:00:17","modified_gmt":"2026-03-24T15:00:17","slug":"kk-sopimus3990e-kk-ensimmainen-kk-50-irtisanomisaika-on-maksettu-kuukausi-1-yksi-kk","status":"publish","type":"product","link":"https:\/\/tarjousklubi.fi\/api24\/fi\/tuote\/kk-sopimus3990e-kk-ensimmainen-kk-50-irtisanomisaika-on-maksettu-kuukausi-1-yksi-kk\/","title":{"rendered":"KK sopimus39,90\u20ac\/kk &#8211; Ensimm\u00e4inen kk -50%, irtisanomisaika on maksettu kuukausi + 1 (yksi) kk"},"content":{"rendered":"<p>Pit\u00e4k\u00e4\u00e4 huoli ett\u00e4 auton rekisterikilpi on puhdas, varsinkin talvella lumesta<\/p>\n<p>1. Ajakaa rauhallisesti pesulan eteen maksutolpan kohdalle pys\u00e4htyen siten ett\u00e4 kuljettajan ovi on tolpan kohdalla, kamera tunnistaa rekisterikilven. <\/p>\n<p>2. Maksutolpan kosketusn\u00e4yt\u00f6lle tulee pesuvalikko ja valitsette pesun, Valitkaa haluamanne pesu HETI, pesuvalikko on avoinna noin 60 sekuntia. Ovet aukeaa kun pesuhalli on tyhj\u00e4.<\/p>\n<p>( Jos pesuvalikko kerki\u00e4\u00e4 kadota n\u00e4yt\u00f6lt\u00e4 niin on sy\u00f6tett\u00e4v\u00e4 rekisterinumero n\u00e4yt\u00f6lle kohtaan &#8221;sy\u00f6t\u00e4 rekisterinumero&#8221; ja silloin tulee tekstiviestill\u00e4 koodi mill\u00e4 p\u00e4\u00e4see pesem\u00e4\u00e4n auton.<\/p>\n<p>(Pesun voi k\u00e4yd\u00e4 painamassa n\u00e4yt\u00f6lt\u00e4 jonottaessa kun olet siirtynyt ensimm\u00e4iseksi autoksi edellisen siirrytty\u00e4 pesuhalliin. Maksutolpassa on ns. 1 auton jonotus toiminto)<\/p>\n<p>3. Aja halliin pesukoneelle kunnes punainen STOP valo syttyy.<\/p>\n<p>4. Sammuta auto, laita k\u00e4sijarru ja mahdollisesti keskuslukitus p\u00e4\u00e4lle<\/p>\n<p>5. Kun pesu p\u00e4\u00e4ttyy ovet avautuvat ja pesukoneeseen syttyy ulosajovalo<\/p>\n","protected":false},"excerpt":{"rendered":"<p>Sopimukseen kuuluu kaikki pesulamme ja kaikki pesut valikoimastamme. Sopimuksen irtisanomisaika on kuluva maksettu kuukausi + 1 (yksi) kuukausi.<\/p>\n","protected":false},"featured_media":16081,"comment_status":"open","ping_status":"closed","template":"","meta":{"_et_pb_use_builder":"","_et_pb_old_content":"","_et_gb_content_width":""},"product_brand":[],"product_cat":[94],"product_tag":[],"class_list":{"0":"post-20402","1":"product","2":"type-product","3":"status-publish","4":"has-post-thumbnail","6":"product_cat-joensuu_fi","8":"first","9":"instock","10":"sale","11":"virtual","12":"taxable","13":"purchasable","14":"product-type-simple"},"pll_sync_post":[],"lang":"fi","translations":{"fi":20402},"_links":{"self":[{"href":"https:\/\/tarjousklubi.fi\/api24\/wp-json\/wp\/v2\/product\/20402","targetHints":{"allow":["GET"]}}],"collection":[{"href":"https:\/\/tarjousklubi.fi\/api24\/wp-json\/wp\/v2\/product"}],"about":[{"href":"https:\/\/tarjousklubi.fi\/api24\/wp-json\/wp\/v2\/types\/product"}],"replies":[{"embeddable":true,"href":"https:\/\/tarjousklubi.fi\/api24\/wp-json\/wp\/v2\/comments?post=20402"}],"wp:featuredmedia":[{"embeddable":true,"href":"https:\/\/tarjousklubi.fi\/api24\/wp-json\/wp\/v2\/media\/16081"}],"wp:attachment":[{"href":"https:\/\/tarjousklubi.fi\/api24\/wp-json\/wp\/v2\/media?parent=20402"}],"wp:term":[{"taxonomy":"product_brand","embeddable":true,"href":"https:\/\/tarjousklubi.fi\/api24\/wp-json\/wp\/v2\/product_brand?post=20402"},{"taxonomy":"product_cat","embeddable":true,"href":"https:\/\/tarjousklubi.fi\/api24\/wp-json\/wp\/v2\/product_cat?post=20402"},{"taxonomy":"product_tag","embeddable":true,"href":"https:\/\/tarjousklubi.fi\/api24\/wp-json\/wp\/v2\/product_tag?post=20402"}],"curies":[{"name":"wp","href":"https:\/\/api.w.org\/{rel}","templated":true}]}}